{"id":46526,"date":"2021-04-28T21:31:22","date_gmt":"2021-04-28T19:31:22","guid":{"rendered":"https:\/\/smarthealth.live\/?page_id=46526"},"modified":"2022-01-04T12:37:23","modified_gmt":"2022-01-04T11:37:23","slug":"home-2021","status":"publish","type":"page","link":"https:\/\/smarthealth.live\/fr\/","title":{"rendered":"Home 2021"},"content":{"rendered":"<div id='av-layout-grid-1'  class='av-layout-grid-container av-kmyyuake-c4877fb027a6706b4f4af44828cb4475 entry-content-wrapper alternate_color av-flex-cells  avia-builder-el-0  el_before_av_section  avia-builder-el-first  hero  container_wrap fullsize'  >\n\n<style type=\"text\/css\" data-created_by=\"avia_inline_auto\" id=\"style-css-av-1934jlz-7b5054f89649a703de9951913f1c4880\">\n.flex_cell.av-1934jlz-7b5054f89649a703de9951913f1c4880{\nvertical-align:top;\n}\n.responsive #top #wrap_all .flex_cell.av-1934jlz-7b5054f89649a703de9951913f1c4880{\npadding:0px 0px 0px 0px !important;\n}\n<\/style>\n<div class='flex_cell av-1934jlz-7b5054f89649a703de9951913f1c4880 av-gridrow-cell av_one_full no_margin  avia-builder-el-1  avia-builder-el-no-sibling  content-align-top av-zero-padding avia-full-stretch'  ><div class='flex_cell_inner'><div class=\"av-content-template content-hero-homepage-1 template-hero-homepage \"><div class=\"av-inner-content\"><!-- Content Template: Hero Homepage  -->\n<div class='hero-homepage'>\n\t\n<\/div><\/div><\/div><!-- close content main div --><\/div><\/div><div id='av-layout-grid-2'  class='av-layout-grid-container av-10g5u8z-dd56aa29071b598746a7ebef9eb6ad91 entry-content-wrapper alternate_color av-flex-cells  hero  container_wrap fullsize'  >\n\n<style type=\"text\/css\" data-created_by=\"avia_inline_auto\" id=\"style-css-av-kmvzcswp-652bef3fe119fd1975bf1e5951cee608\">\n.flex_cell.av-kmvzcswp-652bef3fe119fd1975bf1e5951cee608{\nvertical-align:top;\nheight:570px;\nmin-height:570px;\n}\n.responsive #top #wrap_all .flex_cell.av-kmvzcswp-652bef3fe119fd1975bf1e5951cee608{\npadding:0px 0px 0px 0px !important;\n}\n<\/style>\n<div class='flex_cell av-kmvzcswp-652bef3fe119fd1975bf1e5951cee608 av-gridrow-cell av_one_half no_margin  hero-bg content-align-top av-zero-padding avia-full-stretch'  ><div class='flex_cell_inner'><div class='av-content-template content-hero-single-post-1 template-hero-single-post '>\n<div class='av-inner-content'><!-- Content Template: Hero Single Post  --><\/p>\n<div class='hero-bg' style='background-image:url(https:\/\/smarthealth.live\/wp-content\/uploads\/2022\/02\/Mindler-Patient.jpg)'>\n<\/div>\n<\/div>\n<\/div>\n<\/div><\/div>\n<style type=\"text\/css\" data-created_by=\"avia_inline_auto\" id=\"style-css-av-kmvzdacp-4ee901fde8e2a9cd9241a2d25c1034f8\">\n.flex_cell.av-kmvzdacp-4ee901fde8e2a9cd9241a2d25c1034f8{\nvertical-align:middle;\nheight:570px;\nmin-height:570px;\n}\n.responsive #top #wrap_all .flex_cell.av-kmvzdacp-4ee901fde8e2a9cd9241a2d25c1034f8{\npadding:100px 100px 100px 100px !important;\n}\n<\/style>\n<div class='flex_cell av-kmvzdacp-4ee901fde8e2a9cd9241a2d25c1034f8 av-gridrow-cell av_one_half no_margin content-align-middle'  ><div class='flex_cell_inner'>\n<style type=\"text\/css\" data-created_by=\"avia_inline_auto\" id=\"style-css-av-kmvzet1p-4812c2c97b3d8414f074fe32cb310ec2\">\n#top .av-special-heading.av-kmvzet1p-4812c2c97b3d8414f074fe32cb310ec2{\npadding-bottom:10px;\n}\nbody .av-special-heading.av-kmvzet1p-4812c2c97b3d8414f074fe32cb310ec2 .av-special-heading-tag .heading-char{\nfont-size:25px;\n}\n.av-special-heading.av-kmvzet1p-4812c2c97b3d8414f074fe32cb310ec2 .av-subheading{\nfont-size:15px;\n}\n<\/style>\n<div  class='av-special-heading av-kmvzet1p-4812c2c97b3d8414f074fe32cb310ec2 av-special-heading-h1 blockquote modern-quote'><div class='av-subheading av-subheading_above'><p><a href=\"https:\/\/smarthealth.live\/fr\/category\/digital-therapeutics-fr\/\" rel=\"category tag\">digital therapeutics<\/a>, <a href=\"https:\/\/smarthealth.live\/fr\/category\/startups-fr\/\" rel=\"category tag\">startups<\/a><\/p>\n<\/div><h1 class='av-special-heading-tag '  itemprop=\"headline\"  >PATIENT-UP : \u00e0 la recherche de startups centr\u00e9es sur le patient<\/h1><div class=\"special-heading-border\"><div class=\"special-heading-inner-border\"><\/div><\/div><\/div>\n<section  class='av_textblock_section av-kmvzg05c-05e45f1d65dc38ead01591f7c34231f4 '   itemscope=\"itemscope\" itemtype=\"https:\/\/schema.org\/CreativeWork\" ><div class='avia_textblock'  itemprop=\"text\" ><p>L'incubateur bruxellois E-Health Venture et le conglom\u00e9rat informatique Cronos lancent \u00ab PATIENT-UP \u00bb, un programme de soutien aux start-up qui (veulent) d\u00e9velopper des applications num\u00e9riques orient\u00e9es patient.<\/p>\n<\/div><\/section>\n<div  class='avia-button-wrap av-kmw10ar2-25f228887082b969330466c8eada0a7f-wrap avia-button-left '><a href='https:\/\/smarthealth.live\/fr\/2022\/05\/23\/patient-up-cronos-e-health-venture\/'  class='avia-button av-kmw10ar2-25f228887082b969330466c8eada0a7f av-link-btn avia-icon_select-no avia-size-medium avia-position-left avia-color-theme-color'   aria-label=\"lire plus\"><span class='avia_iconbox_title' >lire plus<\/span><\/a><\/div>\n<\/div><\/div>\n<\/div>\n<\/div><\/div><\/div>\n<\/div><\/div>\n<\/div>\n<div id='av_section_1'  class='avia-section av-qypqtf-b824897463c30fa205a033a18a42b5e6 main_color avia-section-default avia-no-border-styling  avia-builder-el-3  el_after_av_layout_row  el_before_av_section  avia-bg-style-scroll container_wrap fullsize'  ><div class='container av-section-cont-open' ><div class='template-page content  av-content-full alpha units'><div class='post-entry post-entry-type-page post-entry-46526'><div class='entry-content-wrapper clearfix'>\n\n<style type=\"text\/css\" data-created_by=\"avia_inline_auto\" id=\"style-css-av-lc1shv-3e05382ac91edfc3c09873ee9b7e6800\">\n.flex_column.av-lc1shv-3e05382ac91edfc3c09873ee9b7e6800{\nborder-radius:0px 0px 0px 0px;\npadding:0px 0px 0px 0px;\n}\n<\/style>\n<div  class='flex_column av-lc1shv-3e05382ac91edfc3c09873ee9b7e6800 av_one_full  avia-builder-el-4  avia-builder-el-no-sibling  first flex_column_div av-zero-column-padding  '     ><p><br \/>\n\n<style type=\"text\/css\" data-created_by=\"avia_inline_auto\" id=\"style-css-av-klqfk3-836146a475136ce2e27b0733750a6830\">\n#top .hr.av-klqfk3-836146a475136ce2e27b0733750a6830{\nmargin-top:-25px;\nmargin-bottom:30px;\n}\n.hr.av-klqfk3-836146a475136ce2e27b0733750a6830 .hr-inner{\nwidth:100%;\nborder-color:#dbdbdb;\n}\n<\/style>\n<div  class='hr av-klqfk3-836146a475136ce2e27b0733750a6830 hr-custom  avia-builder-el-6  el_after_av_codeblock  avia-builder-el-last  hr-center hr-icon-no'><span class='hr-inner inner-border-av-border-thin'><span class=\"hr-inner-style\"><\/span><\/span><\/div><\/p><\/div>\n\n<\/div><\/div><\/div><!-- close content main div --><\/div><\/div>\n<style type=\"text\/css\" data-created_by=\"avia_inline_auto\" id=\"style-css-av-27j1w6u-c7efdc7cb70ad42ac07d785dcd0b32b0\">\n.avia-section.av-27j1w6u-c7efdc7cb70ad42ac07d785dcd0b32b0{\nmargin-top:0px;\nmargin-bottom:0px;\n}\n<\/style>\n<div id='av_section_2'  class='avia-section av-27j1w6u-c7efdc7cb70ad42ac07d785dcd0b32b0 main_color avia-section-no-padding avia-no-border-styling  avia-builder-el-7  el_after_av_section  el_before_av_section  banner_in_section avia-bg-style-scroll container_wrap fullsize'  ><div class='container av-section-cont-open' ><div class='template-page content  av-content-full alpha units'><div class='post-entry post-entry-type-page post-entry-46526'><div class='entry-content-wrapper clearfix'>\n<div class='flex_column_table av-1pqjrli-64e8d7846bcde5fe914e60c81b8ba726 sc-av_one_half av-equal-height-column-flextable'>\n<style type=\"text\/css\" data-created_by=\"avia_inline_auto\" id=\"style-css-av-1pqjrli-64e8d7846bcde5fe914e60c81b8ba726\">\n.flex_column.av-1pqjrli-64e8d7846bcde5fe914e60c81b8ba726{\nborder-radius:0px 0px 0px 0px;\npadding:0px 0px 0px 0px;\nbackground:url(https:\/\/smarthealth.live\/wp-content\/uploads\/2020\/02\/shahadat-rahman-BfrQnKBulYQ-unsplash-1024x683.jpg) 50% 50% no-repeat scroll ;\n}\n<\/style>\n<div  class='flex_column av-1pqjrli-64e8d7846bcde5fe914e60c81b8ba726 av_one_half  avia-builder-el-8  el_before_av_one_half  avia-builder-el-first  first no_margin flex_column_table_cell av-equal-height-column av-align-middle av-zero-column-padding avia-full-stretch  '     ><\/div>\n<style type=\"text\/css\" data-created_by=\"avia_inline_auto\" id=\"style-css-av-1pqjrli-3254bece99bef39b24f18e4a74dbf111\">\n.flex_column.av-1pqjrli-3254bece99bef39b24f18e4a74dbf111{\nborder-radius:0px 0px 0px 0px;\npadding:50px 50px 50px 80px;\nbackground-color:#2632b9;\n}\n<\/style>\n<div  class='flex_column av-1pqjrli-3254bece99bef39b24f18e4a74dbf111 av_one_half  avia-builder-el-9  el_after_av_one_half  avia-builder-el-last  no_margin flex_column_table_cell av-equal-height-column av-align-middle  '     ><p>\n<style type=\"text\/css\" data-created_by=\"avia_inline_auto\" id=\"style-css-av-ky01cgrr-14fea1c68493a50d25a26c5f8d61ca46\">\n#top .av-special-heading.av-ky01cgrr-14fea1c68493a50d25a26c5f8d61ca46{\npadding-bottom:10px;\ncolor:#ffffff;\n}\nbody .av-special-heading.av-ky01cgrr-14fea1c68493a50d25a26c5f8d61ca46 .av-special-heading-tag .heading-char{\nfont-size:25px;\n}\n.av-special-heading.av-ky01cgrr-14fea1c68493a50d25a26c5f8d61ca46 .special-heading-inner-border{\nborder-color:#ffffff;\n}\n.av-special-heading.av-ky01cgrr-14fea1c68493a50d25a26c5f8d61ca46 .av-subheading{\nfont-size:15px;\n}\n<\/style>\n<div  class='av-special-heading av-ky01cgrr-14fea1c68493a50d25a26c5f8d61ca46 av-special-heading-h3 custom-color-heading blockquote modern-quote  avia-builder-el-10  el_before_av_button  avia-builder-el-first  av-linked-heading'><h3 class='av-special-heading-tag '  itemprop=\"headline\"  ><a class=\"av-heading-link\" href=\"https:\/\/smarthealth.live\/fr\/academie\/masterclass-cybersecurite\/\" >Masterclass 2022:<br \/>Intelligence Artificielle<\/a><\/h3><div class=\"special-heading-border\"><div class=\"special-heading-inner-border\"><\/div><\/div><\/div><br \/>\n<div  class='avia-button-wrap av-knop2587-f71da5def6b16174e9f47375bf1d96e3-wrap avia-button-left  avia-builder-el-11  el_after_av_heading  avia-builder-el-last  stretched-link'><a href='https:\/\/smarthealth.live\/fr\/academie\/masterclass-intelligence-artificielle\/'  class='avia-button av-knop2587-f71da5def6b16174e9f47375bf1d96e3 av-link-btn avia-icon_select-no avia-size-medium avia-position-left avia-color-theme-color'   aria-label=\"lire plus\"><span class='avia_iconbox_title' >lire plus<\/span><\/a><\/div><\/p><\/div><\/div><!--close column table wrapper. Autoclose: 1 --><\/div><\/div><\/div><!-- close content main div --><\/div><\/div><div id='av_section_3'  class='avia-section av-av_section-e20e11b232c33ea52312394292f0d9a7 main_color avia-section-default avia-no-border-styling  avia-builder-el-12  el_after_av_section  avia-builder-el-last  avia-bg-style-scroll container_wrap fullsize'  ><div class='container av-section-cont-open' ><div class='template-page content  av-content-full alpha units'><div class='post-entry post-entry-type-page post-entry-46526'><div class='entry-content-wrapper clearfix'>\n\n<style type=\"text\/css\" data-created_by=\"avia_inline_auto\" id=\"style-css-av-2yvx7n-7a2ec0caf018ff289d5a57b5ceae1669\">\n.flex_column.av-2yvx7n-7a2ec0caf018ff289d5a57b5ceae1669{\nborder-radius:0px 0px 0px 0px;\npadding:0px 0px 0px 0px;\n}\n<\/style>\n<div  class='flex_column av-2yvx7n-7a2ec0caf018ff289d5a57b5ceae1669 av_one_full  avia-builder-el-13  avia-builder-el-no-sibling  below_ad first flex_column_div av-zero-column-padding  '     ><\/div>\n<\/p>\n","protected":false},"excerpt":{"rendered":"<p>Bienvenue dans SmartHealth. Nous sommes le centre de connaissances sur les digital health et e-sant\u00e9 au Benelux.<\/p>\n","protected":false},"author":3,"featured_media":0,"parent":0,"menu_order":0,"comment_status":"closed","ping_status":"closed","template":"","meta":{"_acf_changed":false,"footnotes":""},"class_list":["post-46526","page","type-page","status-publish","hentry"],"acf":[],"yoast_head":"<!-- This site is optimized with the Yoast SEO Premium plugin v20.8 (Yoast SEO v27.3) - https:\/\/yoast.com\/product\/yoast-seo-premium-wordpress\/ -->\n<title>Home 2021 - Smarthealth<\/title>\n<meta name=\"description\" content=\"Bienvenue dans SmartHealth. Nous sommes le centre de connaissances sur les digital health et e-sant\u00e9 au Benelux.\" \/>\n<meta name=\"robots\" content=\"index, follow, max-snippet:-1, max-image-preview:large, max-video-preview:-1\" \/>\n<link rel=\"canonical\" href=\"https:\/\/smarthealth.live\/fr\/\" \/>\n<meta property=\"og:locale\" content=\"fr_FR\" \/>\n<meta property=\"og:type\" content=\"article\" \/>\n<meta property=\"og:title\" content=\"Home 2021\" \/>\n<meta property=\"og:description\" content=\"Bienvenue dans SmartHealth. Nous sommes le centre de connaissances sur les digital health et e-sant\u00e9 au Benelux.\" \/>\n<meta property=\"og:url\" content=\"https:\/\/smarthealth.live\/fr\/\" \/>\n<meta property=\"og:site_name\" content=\"Smarthealth\" \/>\n<meta property=\"article:publisher\" content=\"https:\/\/www.facebook.com\/smarthealthnl\/\" \/>\n<meta property=\"article:modified_time\" content=\"2022-01-04T11:37:23+00:00\" \/>\n<meta name=\"twitter:card\" content=\"summary_large_image\" \/>\n<meta name=\"twitter:site\" content=\"@SmartHealthNL\" \/>\n<meta name=\"twitter:label1\" content=\"Dur\u00e9e de lecture estim\u00e9e\" \/>\n\t<meta name=\"twitter:data1\" content=\"2 minutes\" \/>\n<script type=\"application\/ld+json\" class=\"yoast-schema-graph\">{\"@context\":\"https:\\\/\\\/schema.org\",\"@graph\":[{\"@type\":\"WebPage\",\"@id\":\"https:\\\/\\\/smarthealth.live\\\/fr\\\/\",\"url\":\"https:\\\/\\\/smarthealth.live\\\/fr\\\/\",\"name\":\"Home 2021 - Smarthealth\",\"isPartOf\":{\"@id\":\"https:\\\/\\\/smarthealth.live\\\/fr\\\/#website\"},\"datePublished\":\"2021-04-28T19:31:22+00:00\",\"dateModified\":\"2022-01-04T11:37:23+00:00\",\"description\":\"Bienvenue dans SmartHealth. Nous sommes le centre de connaissances sur les digital health et e-sant\u00e9 au Benelux.\",\"breadcrumb\":{\"@id\":\"https:\\\/\\\/smarthealth.live\\\/fr\\\/#breadcrumb\"},\"inLanguage\":\"fr-FR\",\"potentialAction\":[{\"@type\":\"ReadAction\",\"target\":[\"https:\\\/\\\/smarthealth.live\\\/fr\\\/\"]}]},{\"@type\":\"BreadcrumbList\",\"@id\":\"https:\\\/\\\/smarthealth.live\\\/fr\\\/#breadcrumb\",\"itemListElement\":[{\"@type\":\"ListItem\",\"position\":1,\"name\":\"Home\",\"item\":\"https:\\\/\\\/smarthealth.live\\\/fr\\\/\"},{\"@type\":\"ListItem\",\"position\":2,\"name\":\"Home 2021\"}]},{\"@type\":\"WebSite\",\"@id\":\"https:\\\/\\\/smarthealth.live\\\/fr\\\/#website\",\"url\":\"https:\\\/\\\/smarthealth.live\\\/fr\\\/\",\"name\":\"Smarthealth\",\"description\":\"Het kennisplatform voor digital health\",\"publisher\":{\"@id\":\"https:\\\/\\\/smarthealth.live\\\/fr\\\/#organization\"},\"potentialAction\":[{\"@type\":\"SearchAction\",\"target\":{\"@type\":\"EntryPoint\",\"urlTemplate\":\"https:\\\/\\\/smarthealth.live\\\/fr\\\/?s={search_term_string}\"},\"query-input\":{\"@type\":\"PropertyValueSpecification\",\"valueRequired\":true,\"valueName\":\"search_term_string\"}}],\"inLanguage\":\"fr-FR\"},{\"@type\":\"Organization\",\"@id\":\"https:\\\/\\\/smarthealth.live\\\/fr\\\/#organization\",\"name\":\"SmartHealth\",\"url\":\"https:\\\/\\\/smarthealth.live\\\/fr\\\/\",\"logo\":{\"@type\":\"ImageObject\",\"inLanguage\":\"fr-FR\",\"@id\":\"https:\\\/\\\/smarthealth.live\\\/fr\\\/#\\\/schema\\\/logo\\\/image\\\/\",\"url\":\"https:\\\/\\\/smarthealth.live\\\/wp-content\\\/uploads\\\/2013\\\/07\\\/logofutura400PIXBREED.png\",\"contentUrl\":\"https:\\\/\\\/smarthealth.live\\\/wp-content\\\/uploads\\\/2013\\\/07\\\/logofutura400PIXBREED.png\",\"width\":400,\"height\":96,\"caption\":\"SmartHealth\"},\"image\":{\"@id\":\"https:\\\/\\\/smarthealth.live\\\/fr\\\/#\\\/schema\\\/logo\\\/image\\\/\"},\"sameAs\":[\"https:\\\/\\\/www.facebook.com\\\/smarthealthnl\\\/\",\"https:\\\/\\\/x.com\\\/SmartHealthNL\"]}]}<\/script>\n<!-- \/ Yoast SEO Premium plugin. -->","yoast_head_json":{"title":"Home 2021 - Smarthealth","description":"Bienvenue dans SmartHealth. Nous sommes le centre de connaissances sur les digital health et e-sant\u00e9 au Benelux.","robots":{"index":"index","follow":"follow","max-snippet":"max-snippet:-1","max-image-preview":"max-image-preview:large","max-video-preview":"max-video-preview:-1"},"canonical":"https:\/\/smarthealth.live\/fr\/","og_locale":"fr_FR","og_type":"article","og_title":"Home 2021","og_description":"Bienvenue dans SmartHealth. Nous sommes le centre de connaissances sur les digital health et e-sant\u00e9 au Benelux.","og_url":"https:\/\/smarthealth.live\/fr\/","og_site_name":"Smarthealth","article_publisher":"https:\/\/www.facebook.com\/smarthealthnl\/","article_modified_time":"2022-01-04T11:37:23+00:00","twitter_card":"summary_large_image","twitter_site":"@SmartHealthNL","twitter_misc":{"Dur\u00e9e de lecture estim\u00e9e":"2 minutes"},"schema":{"@context":"https:\/\/schema.org","@graph":[{"@type":"WebPage","@id":"https:\/\/smarthealth.live\/fr\/","url":"https:\/\/smarthealth.live\/fr\/","name":"Home 2021 - Smarthealth","isPartOf":{"@id":"https:\/\/smarthealth.live\/fr\/#website"},"datePublished":"2021-04-28T19:31:22+00:00","dateModified":"2022-01-04T11:37:23+00:00","description":"Bienvenue dans SmartHealth. Nous sommes le centre de connaissances sur les digital health et e-sant\u00e9 au Benelux.","breadcrumb":{"@id":"https:\/\/smarthealth.live\/fr\/#breadcrumb"},"inLanguage":"fr-FR","potentialAction":[{"@type":"ReadAction","target":["https:\/\/smarthealth.live\/fr\/"]}]},{"@type":"BreadcrumbList","@id":"https:\/\/smarthealth.live\/fr\/#breadcrumb","itemListElement":[{"@type":"ListItem","position":1,"name":"Home","item":"https:\/\/smarthealth.live\/fr\/"},{"@type":"ListItem","position":2,"name":"Home 2021"}]},{"@type":"WebSite","@id":"https:\/\/smarthealth.live\/fr\/#website","url":"https:\/\/smarthealth.live\/fr\/","name":"Smarthealth","description":"Het kennisplatform voor digital health","publisher":{"@id":"https:\/\/smarthealth.live\/fr\/#organization"},"potentialAction":[{"@type":"SearchAction","target":{"@type":"EntryPoint","urlTemplate":"https:\/\/smarthealth.live\/fr\/?s={search_term_string}"},"query-input":{"@type":"PropertyValueSpecification","valueRequired":true,"valueName":"search_term_string"}}],"inLanguage":"fr-FR"},{"@type":"Organization","@id":"https:\/\/smarthealth.live\/fr\/#organization","name":"SmartHealth","url":"https:\/\/smarthealth.live\/fr\/","logo":{"@type":"ImageObject","inLanguage":"fr-FR","@id":"https:\/\/smarthealth.live\/fr\/#\/schema\/logo\/image\/","url":"https:\/\/smarthealth.live\/wp-content\/uploads\/2013\/07\/logofutura400PIXBREED.png","contentUrl":"https:\/\/smarthealth.live\/wp-content\/uploads\/2013\/07\/logofutura400PIXBREED.png","width":400,"height":96,"caption":"SmartHealth"},"image":{"@id":"https:\/\/smarthealth.live\/fr\/#\/schema\/logo\/image\/"},"sameAs":["https:\/\/www.facebook.com\/smarthealthnl\/","https:\/\/x.com\/SmartHealthNL"]}]}},"_links":{"self":[{"href":"https:\/\/smarthealth.live\/fr\/wp-json\/wp\/v2\/pages\/46526","targetHints":{"allow":["GET"]}}],"collection":[{"href":"https:\/\/smarthealth.live\/fr\/wp-json\/wp\/v2\/pages"}],"about":[{"href":"https:\/\/smarthealth.live\/fr\/wp-json\/wp\/v2\/types\/page"}],"author":[{"embeddable":true,"href":"https:\/\/smarthealth.live\/fr\/wp-json\/wp\/v2\/users\/3"}],"replies":[{"embeddable":true,"href":"https:\/\/smarthealth.live\/fr\/wp-json\/wp\/v2\/comments?post=46526"}],"version-history":[{"count":4,"href":"https:\/\/smarthealth.live\/fr\/wp-json\/wp\/v2\/pages\/46526\/revisions"}],"predecessor-version":[{"id":53399,"href":"https:\/\/smarthealth.live\/fr\/wp-json\/wp\/v2\/pages\/46526\/revisions\/53399"}],"wp:attachment":[{"href":"https:\/\/smarthealth.live\/fr\/wp-json\/wp\/v2\/media?parent=46526"}],"curies":[{"name":"wp","href":"https:\/\/api.w.org\/{rel}","templated":true}]}}